{"id":3,"date":"2025-03-27T13:15:48","date_gmt":"2025-03-27T13:15:48","guid":{"rendered":"https:\/\/hub.octo360.agency\/?page_id=3"},"modified":"2025-12-20T12:59:19","modified_gmt":"2025-12-20T12:59:19","slug":"politica-de-privacidad","status":"publish","type":"page","link":"https:\/\/hub.octo360.agency\/es\/privacy-policy\/","title":{"rendered":"Pol\u00edtica de privacidad"},"content":{"rendered":"<h2 class=\"wp-block-heading\"><\/h2>\n\n\n\n<p>La presente Pol\u00edtica de Privacidad describe la forma en que LOCAL SERVICES MARKETING SOLUTIONS SL (\u201cOCTO360\u201d, \u201cnosotros\u201d, \u201cnos\u201d, o \u201cnuestro\u201d) recaba, usa y protege los datos personales a trav\u00e9s del sitio web https:\/\/hub.octo360.agency (el \u201cSitio Web\u201d).<br>Nos comprometemos a proteger su intimidad y a tratar sus datos personales de forma transparente, l\u00edcita y segura, de conformidad con la normativa europea sobre protecci\u00f3n de datos. <strong>Reglamento general de protecci\u00f3n de datos (UE) 2016\/679 (\u201cRGPD\u201d)<\/strong> y la legislaci\u00f3n aplicable en materia de protecci\u00f3n de datos.<\/p>\n\n\n\n<hr class=\"wp-block-separator has-alpha-channel-opacity\"\/>\n\n\n\n<h2 class=\"wp-block-heading\">1. Controlador de datos<\/h2>\n\n\n\n<p><strong>Responsable del tratamiento:<\/strong><br>SERVICIOS LOCALES SOLUCIONES DE MARKETING SL<br>Domicilio social: Carrer de Juan de Garay, 48, S-A 2<br>08027 Barcelona<br>Espa\u00f1a<br>Correo electr\u00f3nico: <strong><a>info@octo360.agency<\/a><\/strong><br>P\u00e1gina web: <strong><a href=\"https:\/\/hub.octo360.agency\/es\/\">https:\/\/hub.octo360.agenc<\/a><\/strong><\/p>\n\n\n\n<hr class=\"wp-block-separator has-alpha-channel-opacity\"\/>\n\n\n\n<h2 class=\"wp-block-heading\">2. Datos personales que recopilamos<\/h2>\n\n\n\n<p>Podemos recoger y tratar las siguientes categor\u00edas de datos personales:<\/p>\n\n\n\n<h3 class=\"wp-block-heading\">a) Datos facilitados directamente por usted<\/h3>\n\n\n\n<ul class=\"wp-block-list\">\n<li>Nombre y apellidos<\/li>\n\n\n\n<li>Nombre de la empresa<\/li>\n\n\n\n<li>Direcci\u00f3n de correo electr\u00f3nico<\/li>\n\n\n\n<li>N\u00famero de tel\u00e9fono<\/li>\n\n\n\n<li>Puesto<\/li>\n\n\n\n<li>Cualquier informaci\u00f3n enviada a trav\u00e9s de formularios de contacto, formularios de generaci\u00f3n de clientes potenciales, reservas o comunicaciones directas.<\/li>\n<\/ul>\n\n\n\n<h3 class=\"wp-block-heading\">b) Datos recogidos autom\u00e1ticamente<\/h3>\n\n\n\n<ul class=\"wp-block-list\">\n<li>Direcci\u00f3n IP<\/li>\n\n\n\n<li>Tipo y versi\u00f3n de navegador<\/li>\n\n\n\n<li>Informaci\u00f3n sobre el dispositivo<\/li>\n\n\n\n<li>P\u00e1ginas visitadas e interacciones<\/li>\n\n\n\n<li>Fuente de remisi\u00f3n<\/li>\n\n\n\n<li>Cookies y tecnolog\u00edas de seguimiento similares<\/li>\n<\/ul>\n\n\n\n<h3 class=\"wp-block-heading\">c) Datos de terceros<\/h3>\n\n\n\n<ul class=\"wp-block-list\">\n<li>Plataformas de marketing (por ejemplo, plataformas publicitarias, herramientas CRM)<\/li>\n\n\n\n<li>Informaci\u00f3n empresarial disponible p\u00fablicamente<\/li>\n\n\n\n<li>Herramientas de enriquecimiento del plomo, cuando la ley lo permita<\/li>\n<\/ul>\n\n\n\n<hr class=\"wp-block-separator has-alpha-channel-opacity\"\/>\n\n\n\n<h2 class=\"wp-block-heading\">3. Finalidad del tratamiento<\/h2>\n\n\n\n<p>Tratamos los datos personales con los siguientes fines<\/p>\n\n\n\n<ul class=\"wp-block-list\">\n<li>Responder a consultas y solicitudes de contacto<\/li>\n\n\n\n<li>Prestar servicios de marketing, consultor\u00eda, CRM, automatizaci\u00f3n y digitales<\/li>\n\n\n\n<li>Generar y gestionar clientes potenciales<\/li>\n\n\n\n<li>Para programar reuniones, demostraciones o consultas<\/li>\n\n\n\n<li>Gestionar las relaciones con clientes y posibles clientes<\/li>\n\n\n\n<li>Para mejorar el rendimiento del sitio web y la experiencia del usuario<\/li>\n\n\n\n<li>Para realizar an\u00e1lisis y medir el rendimiento<\/li>\n\n\n\n<li>Para enviar comunicaciones de marketing, cuando se haya dado el consentimiento<\/li>\n\n\n\n<li>Cumplir las obligaciones legales y contractuales<\/li>\n<\/ul>\n\n\n\n<hr class=\"wp-block-separator has-alpha-channel-opacity\"\/>\n\n\n\n<h2 class=\"wp-block-heading\">4. Base jur\u00eddica del tratamiento<\/h2>\n\n\n\n<p>Tratamos los datos personales bas\u00e1ndonos en uno o varios de los siguientes fundamentos jur\u00eddicos:<\/p>\n\n\n\n<ul class=\"wp-block-list\">\n<li><strong>Consentimiento<\/strong> (Art. 6.1.a GDPR)<\/li>\n\n\n\n<li><strong>Ejecuci\u00f3n de un contrato o medidas precontractuales<\/strong> (Art. 6.1.b GDPR)<\/li>\n\n\n\n<li><strong>Inter\u00e9s leg\u00edtimo<\/strong> (Art. 6.1.f GDPR), como el desarrollo empresarial, la optimizaci\u00f3n del marketing y la mejora del servicio.<\/li>\n\n\n\n<li><strong>Obligaci\u00f3n legal<\/strong> (Art. 6.1.c GDPR)<\/li>\n<\/ul>\n\n\n\n<p>Puede retirar su consentimiento en cualquier momento.<\/p>\n\n\n\n<hr class=\"wp-block-separator has-alpha-channel-opacity\"\/>\n\n\n\n<h2 class=\"wp-block-heading\">5. 5. Comunicaciones de marketing<\/h2>\n\n\n\n<p>Si opta por ello, podemos enviarle:<\/p>\n\n\n\n<ul class=\"wp-block-list\">\n<li>Correos electr\u00f3nicos de marketing<\/li>\n\n\n\n<li>Boletines<\/li>\n\n\n\n<li>Invitaciones a eventos, demostraciones o seminarios web<\/li>\n\n\n\n<li>Informaci\u00f3n sobre nuestros servicios o conocimientos<\/li>\n<\/ul>\n\n\n\n<p>Puede darse de baja en cualquier momento a trav\u00e9s del enlace que aparece en nuestros correos electr\u00f3nicos o poni\u00e9ndose en contacto con nosotros en <strong><a href=\"\/es\/info@octo360.agency\/\">info@octo360.agency<\/a><\/strong>.<\/p>\n\n\n\n<hr class=\"wp-block-separator has-alpha-channel-opacity\"\/>\n\n\n\n<h2 class=\"wp-block-heading\">6. Cookies y tecnolog\u00edas de seguimiento<\/h2>\n\n\n\n<p>Utilizamos cookies y tecnolog\u00edas similares para:<\/p>\n\n\n\n<ul class=\"wp-block-list\">\n<li>Garantizar el correcto funcionamiento del sitio web<\/li>\n\n\n\n<li>Analizar el tr\u00e1fico y el rendimiento<\/li>\n\n\n\n<li>Mejorar la experiencia del usuario<\/li>\n\n\n\n<li>Apoyar las actividades de marketing y publicidad<\/li>\n<\/ul>\n\n\n\n<p>Puede gestionar o retirar el consentimiento de cookies en cualquier momento a trav\u00e9s de nuestro banner de cookies o de la configuraci\u00f3n del navegador.<\/p>\n\n\n\n<p>Para m\u00e1s informaci\u00f3n, consulte nuestro <strong>Pol\u00edtica de cookies<\/strong>.<\/p>\n\n\n\n<hr class=\"wp-block-separator has-alpha-channel-opacity\"\/>\n\n\n\n<h2 class=\"wp-block-heading\">7. Intercambio de datos y procesadores<\/h2>\n\n\n\n<p>Podemos compartir datos personales con procesadores externos de confianza estrictamente con fines operativos, entre los que se incluyen:<\/p>\n\n\n\n<ul class=\"wp-block-list\">\n<li>Plataformas CRM y de automatizaci\u00f3n del marketing<\/li>\n\n\n\n<li>Proveedores de an\u00e1lisis<\/li>\n\n\n\n<li>Plataformas publicitarias<\/li>\n\n\n\n<li>Alojamiento en nube y proveedores de servicios inform\u00e1ticos<\/li>\n\n\n\n<li>Herramientas de reserva y programaci\u00f3n<\/li>\n<\/ul>\n\n\n\n<p>Todos los encargados del tratamiento est\u00e1n obligados contractualmente a cumplir el RGPD y a tratar los datos \u00fanicamente siguiendo nuestras instrucciones.<\/p>\n\n\n\n<p>Lo hacemos <strong>no vender datos personales<\/strong>.<\/p>\n\n\n\n<hr class=\"wp-block-separator has-alpha-channel-opacity\"\/>\n\n\n\n<h2 class=\"wp-block-heading\">8. Transferencias internacionales de datos<\/h2>\n\n\n\n<p>Cuando los datos personales se transfieren fuera del Espacio Econ\u00f3mico Europeo (EEE), nos aseguramos de que se aplican las salvaguardias adecuadas, tales como:<\/p>\n\n\n\n<ul class=\"wp-block-list\">\n<li>Cl\u00e1usulas Contractuales Tipo (CCT)<\/li>\n\n\n\n<li>Decisiones de adecuaci\u00f3n de la Comisi\u00f3n Europea<\/li>\n\n\n\n<li>Protecciones jur\u00eddicas equivalentes<\/li>\n<\/ul>\n\n\n\n<hr class=\"wp-block-separator has-alpha-channel-opacity\"\/>\n\n\n\n<h2 class=\"wp-block-heading\">9. 9. Conservaci\u00f3n de datos<\/h2>\n\n\n\n<p>Conservamos los datos personales s\u00f3lo durante el tiempo necesario para cumplir los fines descritos en esta Pol\u00edtica, a menos que la ley exija o permita un per\u00edodo de conservaci\u00f3n m\u00e1s largo.<\/p>\n\n\n\n<p>Los criterios utilizados para determinar la retenci\u00f3n incluyen:<\/p>\n\n\n\n<ul class=\"wp-block-list\">\n<li>Naturaleza de los datos<\/li>\n\n\n\n<li>Finalidad del tratamiento<\/li>\n\n\n\n<li>Requisitos legales y contractuales<\/li>\n<\/ul>\n\n\n\n<hr class=\"wp-block-separator has-alpha-channel-opacity\"\/>\n\n\n\n<h2 class=\"wp-block-heading\">10. Seguridad de los datos<\/h2>\n\n\n\n<p>Ponemos en pr\u00e1ctica <strong>medidas de seguridad t\u00e9cnicas y organizativas<\/strong> proteger los datos personales contra el acceso, la p\u00e9rdida, la alteraci\u00f3n o la difusi\u00f3n no autorizados.<\/p>\n\n\n\n<p>Sin embargo, no se puede garantizar que ning\u00fan sistema sea 100% seguro.<\/p>\n\n\n\n<hr class=\"wp-block-separator has-alpha-channel-opacity\"\/>\n\n\n\n<h2 class=\"wp-block-heading\">11. Sus derechos<\/h2>\n\n\n\n<p>En virtud del GDPR, usted tiene derecho a:<\/p>\n\n\n\n<ul class=\"wp-block-list\">\n<li>Acceder a sus datos personales<\/li>\n\n\n\n<li>Rectificar datos inexactos o incompletos<\/li>\n\n\n\n<li>Solicitar la supresi\u00f3n (\u201cderecho al olvido\u201d)<\/li>\n\n\n\n<li>Restringir el tratamiento<\/li>\n\n\n\n<li>Oponerse al tratamiento<\/li>\n\n\n\n<li>Portabilidad de los datos<\/li>\n\n\n\n<li>Retirar el consentimiento en cualquier momento<\/li>\n\n\n\n<li>Presentar una reclamaci\u00f3n ante una autoridad de control<\/li>\n<\/ul>\n\n\n\n<p>Para ejercer sus derechos, p\u00f3ngase en contacto con <strong><a href=\"\/es\/info@octo360.agency\/\">info@octo360.agency<\/a><\/strong><\/p>\n\n\n\n<hr class=\"wp-block-separator has-alpha-channel-opacity\"\/>\n\n\n\n<h2 class=\"wp-block-heading\">12. Enlaces de terceros<\/h2>\n\n\n\n<p>Nuestro sitio web puede contener enlaces a sitios web de terceros. No somos responsables de sus pr\u00e1cticas de privacidad ni de su contenido. Recomendamos revisar sus pol\u00edticas de privacidad por separado.<\/p>\n\n\n\n<hr class=\"wp-block-separator has-alpha-channel-opacity\"\/>\n\n\n\n<h2 class=\"wp-block-heading\">13. Modificaciones de la presente Pol\u00edtica de Privacidad<\/h2>\n\n\n\n<p>Podemos actualizar esta Pol\u00edtica de Privacidad de vez en cuando. Cualquier cambio se publicar\u00e1 en esta p\u00e1gina con una fecha actualizada de \u201c\u00daltima actualizaci\u00f3n\u201d.<\/p>\n\n\n\n<p>Le recomendamos que revise peri\u00f3dicamente esta Pol\u00edtica.<\/p>\n\n\n\n<hr class=\"wp-block-separator has-alpha-channel-opacity\"\/>\n\n\n\n<h2 class=\"wp-block-heading\">14. Contacto<\/h2>\n\n\n\n<p>Si tiene alguna pregunta sobre esta Pol\u00edtica de Privacidad o nuestras pr\u00e1cticas de datos, p\u00f3ngase en contacto con nosotros en:<\/p>\n\n\n\n<p>\ud83d\udce7 <strong><a href=\"\/es\/info@octo360.agency\/\">info@octo360.agency<\/a><\/strong><\/p>\n\n\n\n<p><\/p>","protected":false},"excerpt":{"rendered":"<p>This Privacy Policy describes how LOCAL SERVICES MARKETING SOLUTIONS SL (\u201cOCTO360\u201d, \u201cwe\u201d, \u201cus\u201d, or \u201cour\u201d) collects, uses, and protects personal data through the website https:\/\/hub.octo360.agency (the \u201cWebsite\u201d).We are committed to protecting your privacy and processing your personal data in a transparent, lawful, and secure manner, in accordance with the General Data Protection Regulation (EU) 2016\/679 [&hellip;]<\/p>\n","protected":false},"author":1,"featured_media":0,"parent":0,"menu_order":0,"comment_status":"closed","ping_status":"open","template":"","meta":{"_acf_changed":false,"_eb_attr":"","content-type":"","footnotes":""},"class_list":["post-3","page","type-page","status-publish","hentry"],"acf":[],"yoast_head":"<!-- This site is optimized with the Yoast SEO plugin v27.5 - https:\/\/yoast.com\/product\/yoast-seo-wordpress\/ -->\n<title>Privacy Policy - HUB.OCTO360<\/title>\n<meta name=\"robots\" content=\"index, follow, max-snippet:-1, max-image-preview:large, max-video-preview:-1\" \/>\n<link rel=\"canonical\" href=\"https:\/\/hub.octo360.agency\/es\/politica-de-privacidad\/\" \/>\n<meta property=\"og:locale\" content=\"es_ES\" \/>\n<meta property=\"og:type\" content=\"article\" \/>\n<meta property=\"og:title\" content=\"Privacy Policy - HUB.OCTO360\" \/>\n<meta property=\"og:description\" content=\"This Privacy Policy describes how LOCAL SERVICES MARKETING SOLUTIONS SL (\u201cOCTO360\u201d, \u201cwe\u201d, \u201cus\u201d, or \u201cour\u201d) collects, uses, and protects personal data through the website https:\/\/hub.octo360.agency (the \u201cWebsite\u201d).We are committed to protecting your privacy and processing your personal data in a transparent, lawful, and secure manner, in accordance with the General Data Protection Regulation (EU) 2016\/679 [&hellip;]\" \/>\n<meta property=\"og:url\" content=\"https:\/\/hub.octo360.agency\/es\/politica-de-privacidad\/\" \/>\n<meta property=\"og:site_name\" content=\"HUB.OCTO360\" \/>\n<meta property=\"article:modified_time\" content=\"2025-12-20T12:59:19+00:00\" \/>\n<meta property=\"og:image\" content=\"https:\/\/hub.octo360.agency\/wp-content\/uploads\/2025\/03\/Captura-de-Pantalla-2025-06-03-a-las-13.13.40-1.webp\" \/>\n\t<meta property=\"og:image:width\" content=\"503\" \/>\n\t<meta property=\"og:image:height\" content=\"114\" \/>\n\t<meta property=\"og:image:type\" content=\"image\/webp\" \/>\n<meta name=\"twitter:card\" content=\"summary_large_image\" \/>\n<meta name=\"twitter:label1\" content=\"Tiempo de lectura\" \/>\n\t<meta name=\"twitter:data1\" content=\"4 minutos\" \/>\n<script type=\"application\/ld+json\" class=\"yoast-schema-graph\">{\"@context\":\"https:\\\/\\\/schema.org\",\"@graph\":[{\"@type\":\"WebPage\",\"@id\":\"https:\\\/\\\/hub.octo360.agency\\\/privacy-policy\\\/\",\"url\":\"https:\\\/\\\/hub.octo360.agency\\\/privacy-policy\\\/\",\"name\":\"Privacy Policy - HUB.OCTO360\",\"isPartOf\":{\"@id\":\"https:\\\/\\\/hub.octo360.agency\\\/#website\"},\"datePublished\":\"2025-03-27T13:15:48+00:00\",\"dateModified\":\"2025-12-20T12:59:19+00:00\",\"breadcrumb\":{\"@id\":\"https:\\\/\\\/hub.octo360.agency\\\/privacy-policy\\\/#breadcrumb\"},\"inLanguage\":\"es\",\"potentialAction\":[{\"@type\":\"ReadAction\",\"target\":[\"https:\\\/\\\/hub.octo360.agency\\\/privacy-policy\\\/\"]}]},{\"@type\":\"BreadcrumbList\",\"@id\":\"https:\\\/\\\/hub.octo360.agency\\\/privacy-policy\\\/#breadcrumb\",\"itemListElement\":[{\"@type\":\"ListItem\",\"position\":1,\"name\":\"Home\",\"item\":\"https:\\\/\\\/hub.octo360.agency\\\/\"},{\"@type\":\"ListItem\",\"position\":2,\"name\":\"Privacy Policy\"}]},{\"@type\":\"WebSite\",\"@id\":\"https:\\\/\\\/hub.octo360.agency\\\/#website\",\"url\":\"https:\\\/\\\/hub.octo360.agency\\\/\",\"name\":\"HUB.Octo360\",\"description\":\"\",\"publisher\":{\"@id\":\"https:\\\/\\\/hub.octo360.agency\\\/#organization\"},\"potentialAction\":[{\"@type\":\"SearchAction\",\"target\":{\"@type\":\"EntryPoint\",\"urlTemplate\":\"https:\\\/\\\/hub.octo360.agency\\\/?s={search_term_string}\"},\"query-input\":{\"@type\":\"PropertyValueSpecification\",\"valueRequired\":true,\"valueName\":\"search_term_string\"}}],\"inLanguage\":\"es\"},{\"@type\":\"Organization\",\"@id\":\"https:\\\/\\\/hub.octo360.agency\\\/#organization\",\"name\":\"HUB.Octo360\",\"alternateName\":\"Octo360\",\"url\":\"https:\\\/\\\/hub.octo360.agency\\\/\",\"logo\":{\"@type\":\"ImageObject\",\"inLanguage\":\"es\",\"@id\":\"https:\\\/\\\/hub.octo360.agency\\\/#\\\/schema\\\/logo\\\/image\\\/\",\"url\":\"https:\\\/\\\/hub.octo360.agency\\\/wp-content\\\/uploads\\\/2025\\\/03\\\/Captura-de-Pantalla-2025-06-03-a-las-13.13.40-1.webp\",\"contentUrl\":\"https:\\\/\\\/hub.octo360.agency\\\/wp-content\\\/uploads\\\/2025\\\/03\\\/Captura-de-Pantalla-2025-06-03-a-las-13.13.40-1.webp\",\"width\":503,\"height\":114,\"caption\":\"HUB.Octo360\"},\"image\":{\"@id\":\"https:\\\/\\\/hub.octo360.agency\\\/#\\\/schema\\\/logo\\\/image\\\/\"},\"sameAs\":[\"https:\\\/\\\/www.linkedin.com\\\/company\\\/cool-digitalmarketing-octo\\\/\"]}]}<\/script>\n<!-- \/ Yoast SEO plugin. -->","yoast_head_json":{"title":"Pol\u00edtica de privacidad - HUB.OCTO360","robots":{"index":"index","follow":"follow","max-snippet":"max-snippet:-1","max-image-preview":"max-image-preview:large","max-video-preview":"max-video-preview:-1"},"canonical":"https:\/\/hub.octo360.agency\/es\/politica-de-privacidad\/","og_locale":"es_ES","og_type":"article","og_title":"Privacy Policy - HUB.OCTO360","og_description":"This Privacy Policy describes how LOCAL SERVICES MARKETING SOLUTIONS SL (\u201cOCTO360\u201d, \u201cwe\u201d, \u201cus\u201d, or \u201cour\u201d) collects, uses, and protects personal data through the website https:\/\/hub.octo360.agency (the \u201cWebsite\u201d).We are committed to protecting your privacy and processing your personal data in a transparent, lawful, and secure manner, in accordance with the General Data Protection Regulation (EU) 2016\/679 [&hellip;]","og_url":"https:\/\/hub.octo360.agency\/es\/politica-de-privacidad\/","og_site_name":"HUB.OCTO360","article_modified_time":"2025-12-20T12:59:19+00:00","og_image":[{"width":503,"height":114,"url":"https:\/\/hub.octo360.agency\/wp-content\/uploads\/2025\/03\/Captura-de-Pantalla-2025-06-03-a-las-13.13.40-1.webp","type":"image\/webp"}],"twitter_card":"summary_large_image","twitter_misc":{"Tiempo de lectura":"4 minutos"},"schema":{"@context":"https:\/\/schema.org","@graph":[{"@type":"WebPage","@id":"https:\/\/hub.octo360.agency\/privacy-policy\/","url":"https:\/\/hub.octo360.agency\/privacy-policy\/","name":"Pol\u00edtica de privacidad - HUB.OCTO360","isPartOf":{"@id":"https:\/\/hub.octo360.agency\/#website"},"datePublished":"2025-03-27T13:15:48+00:00","dateModified":"2025-12-20T12:59:19+00:00","breadcrumb":{"@id":"https:\/\/hub.octo360.agency\/privacy-policy\/#breadcrumb"},"inLanguage":"es","potentialAction":[{"@type":"ReadAction","target":["https:\/\/hub.octo360.agency\/privacy-policy\/"]}]},{"@type":"BreadcrumbList","@id":"https:\/\/hub.octo360.agency\/privacy-policy\/#breadcrumb","itemListElement":[{"@type":"ListItem","position":1,"name":"Home","item":"https:\/\/hub.octo360.agency\/"},{"@type":"ListItem","position":2,"name":"Privacy Policy"}]},{"@type":"WebSite","@id":"https:\/\/hub.octo360.agency\/#website","url":"https:\/\/hub.octo360.agency\/","name":"HUB.Octo360","description":"","publisher":{"@id":"https:\/\/hub.octo360.agency\/#organization"},"potentialAction":[{"@type":"SearchAction","target":{"@type":"EntryPoint","urlTemplate":"https:\/\/hub.octo360.agency\/?s={search_term_string}"},"query-input":{"@type":"PropertyValueSpecification","valueRequired":true,"valueName":"search_term_string"}}],"inLanguage":"es"},{"@type":"Organization","@id":"https:\/\/hub.octo360.agency\/#organization","name":"HUB.Octo360","alternateName":"Octo360","url":"https:\/\/hub.octo360.agency\/","logo":{"@type":"ImageObject","inLanguage":"es","@id":"https:\/\/hub.octo360.agency\/#\/schema\/logo\/image\/","url":"https:\/\/hub.octo360.agency\/wp-content\/uploads\/2025\/03\/Captura-de-Pantalla-2025-06-03-a-las-13.13.40-1.webp","contentUrl":"https:\/\/hub.octo360.agency\/wp-content\/uploads\/2025\/03\/Captura-de-Pantalla-2025-06-03-a-las-13.13.40-1.webp","width":503,"height":114,"caption":"HUB.Octo360"},"image":{"@id":"https:\/\/hub.octo360.agency\/#\/schema\/logo\/image\/"},"sameAs":["https:\/\/www.linkedin.com\/company\/cool-digitalmarketing-octo\/"]}]}},"_links":{"self":[{"href":"https:\/\/hub.octo360.agency\/es\/wp-json\/wp\/v2\/pages\/3","targetHints":{"allow":["GET"]}}],"collection":[{"href":"https:\/\/hub.octo360.agency\/es\/wp-json\/wp\/v2\/pages"}],"about":[{"href":"https:\/\/hub.octo360.agency\/es\/wp-json\/wp\/v2\/types\/page"}],"author":[{"embeddable":true,"href":"https:\/\/hub.octo360.agency\/es\/wp-json\/wp\/v2\/users\/1"}],"replies":[{"embeddable":true,"href":"https:\/\/hub.octo360.agency\/es\/wp-json\/wp\/v2\/comments?post=3"}],"version-history":[{"count":3,"href":"https:\/\/hub.octo360.agency\/es\/wp-json\/wp\/v2\/pages\/3\/revisions"}],"predecessor-version":[{"id":3331,"href":"https:\/\/hub.octo360.agency\/es\/wp-json\/wp\/v2\/pages\/3\/revisions\/3331"}],"wp:attachment":[{"href":"https:\/\/hub.octo360.agency\/es\/wp-json\/wp\/v2\/media?parent=3"}],"curies":[{"name":"wp","href":"https:\/\/api.w.org\/{rel}","templated":true}]}}