{"id":2557,"date":"2025-08-13T21:08:29","date_gmt":"2025-08-13T21:08:29","guid":{"rendered":"https:\/\/hub.octo360.agency\/?page_id=2557"},"modified":"2025-11-24T08:44:23","modified_gmt":"2025-11-24T08:44:23","slug":"demander-a-etre-rappele-par-notre-agent-david","status":"publish","type":"page","link":"https:\/\/hub.octo360.agency\/fr\/request-an-inbound-call-back-from-our-ai-agent-david\/","title":{"rendered":"Demandez \u00e0 notre agent IA David de vous rappeler."},"content":{"rendered":"\t\t<div data-elementor-type=\"wp-page\" data-elementor-id=\"2557\" class=\"elementor elementor-2557\" data-elementor-post-type=\"page\">\n\t\t\t\t<div class=\"elementor-element elementor-element-d9cdc72 e-grid e-con-boxed e-con e-parent\" data-id=\"d9cdc72\" data-element_type=\"container\" data-e-type=\"container\" data-settings=\"{&quot;background_background&quot;:&quot;classic&quot;}\">\n\t\t\t\t\t<div class=\"e-con-inner\">\n\t\t\t\t<div class=\"elementor-element elementor-element-fa232b7 elementor-widget elementor-widget-heading\" data-id=\"fa232b7\" data-element_type=\"widget\" data-e-type=\"widget\" data-widget_type=\"heading.default\">\n\t\t\t\t\t<h1 class=\"elementor-heading-title elementor-size-default\">Request a Call back\n\n from our AI Agent<\/h1>\t\t\t\t<\/div>\n\t\t\t\t<div class=\"elementor-element elementor-element-c5f5b18 elementor-button-align-stretch elementor-widget elementor-widget-form\" data-id=\"c5f5b18\" data-element_type=\"widget\" data-e-type=\"widget\" data-settings=\"{&quot;step_next_label&quot;:&quot;Send&quot;,&quot;step_previous_label&quot;:&quot;Previous&quot;,&quot;step_type&quot;:&quot;none&quot;,&quot;button_width&quot;:&quot;100&quot;,&quot;step_icon_shape&quot;:&quot;circle&quot;}\" data-widget_type=\"form.default\">\n\t\t\t\t\t\t\t<form class=\"elementor-form\" method=\"post\" name=\"New Form\" aria-label=\"New Form\">\n\t\t\t<input type=\"hidden\" name=\"post_id\" value=\"2557\"\/>\n\t\t\t<input type=\"hidden\" name=\"form_id\" value=\"c5f5b18\"\/>\n\t\t\t<input type=\"hidden\" name=\"referer_title\" value=\"Request an inbound Call back from our AI Agent David - HUB.OCTO360\" \/>\n\n\t\t\t\t\t\t\t<input type=\"hidden\" name=\"queried_id\" value=\"2557\"\/>\n\t\t\t\n\t\t\t<div class=\"elementor-form-fields-wrapper elementor-labels-above\">\n\t\t\t\t\t\t\t\t<div class=\"elementor-field-type-step elementor-field-group elementor-column elementor-field-group-field_983cb2f elementor-col-100\">\n\t\t\t\t\t\t\t<div class=\"e-field-step elementor-hidden\" data-label=\"\" data-previousButton=\"\" data-nextButton=\"Get a Call back\" data-iconUrl=\"\" data-iconLibrary=\"fas fa-star\" data-icon=\"&lt;svg class=&quot;e-font-icon-svg e-fas-star&quot; viewBox=&quot;0 0 576 512&quot; xmlns=&quot;http:\/\/www.w3.org\/2000\/svg&quot;&gt;&lt;path d=&quot;M259.3 17.8L194 150.2 47.9 171.5c-26.2 3.8-36.7 36.1-17.7 54.6l105.7 103-25 145.5c-4.5 26.3 23.2 46 46.4 33.7L288 439.6l130.7 68.7c23.2 12.2 50.9-7.4 46.4-33.7l-25-145.5 105.7-103c19-18.5 8.5-50.8-17.7-54.6L382 150.2 316.7 17.8c-11.7-23.6-45.6-23.9-57.4 0z&quot;&gt;&lt;\/path&gt;&lt;\/svg&gt;\" ><\/div>\n\n\t\t\t\t\t\t<\/div>\n\t\t\t\t\t\t\t\t<div class=\"elementor-field-type-tel elementor-field-group elementor-column elementor-field-group-field_6ac54ab elementor-col-100\">\n\t\t\t\t\t\t\t\t\t\t\t\t<label for=\"form-field-field_6ac54ab\" class=\"elementor-field-label\">\n\t\t\t\t\t\t\t\tYour Phone Number\t\t\t\t\t\t\t<\/label>\n\t\t\t\t\t\t<span class=\"ccfef-editor-intl-input\" data-id=\"form-field-field_6ac54ab\" data-field-id=\"6ac54ab\" data-default-country=\"es\" data-include-countries=\"\" data-exclude-countries=\"\" data-dial-code-visibility=\"show\" data-strict-mode=\"no\" style=\"display: none;\"><\/span>\t\t<input size=\"1\" type=\"tel\" name=\"form_fields[field_6ac54ab]\" id=\"form-field-field_6ac54ab\" class=\"elementor-field elementor-size-sm  elementor-field-textual\" pattern=\"[0-9()#&amp;+*-=.]+\" title=\"S\u00f3lo se aceptan n\u00fameros y caracteres telef\u00f3nicos (#, -, *, etc).\">\n\n\t\t\t\t\t\t<\/div>\n\t\t\t\t\t\t\t\t<div class=\"elementor-field-type-step elementor-field-group elementor-column elementor-field-group-field_8cfb845 elementor-col-100\">\n\t\t\t\t\t\t\t<div class=\"e-field-step elementor-hidden\" data-label=\"Step\" data-previousButton=\"\" data-nextButton=\"Get a Call back\" data-iconUrl=\"\" data-iconLibrary=\"fas fa-star\" data-icon=\"&lt;svg class=&quot;e-font-icon-svg e-fas-star&quot; viewBox=&quot;0 0 576 512&quot; xmlns=&quot;http:\/\/www.w3.org\/2000\/svg&quot;&gt;&lt;path d=&quot;M259.3 17.8L194 150.2 47.9 171.5c-26.2 3.8-36.7 36.1-17.7 54.6l105.7 103-25 145.5c-4.5 26.3 23.2 46 46.4 33.7L288 439.6l130.7 68.7c23.2 12.2 50.9-7.4 46.4-33.7l-25-145.5 105.7-103c19-18.5 8.5-50.8-17.7-54.6L382 150.2 316.7 17.8c-11.7-23.6-45.6-23.9-57.4 0z&quot;&gt;&lt;\/path&gt;&lt;\/svg&gt;\" ><\/div>\n\n\t\t\t\t\t\t<\/div>\n\t\t\t\t\t\t\t\t<div class=\"elementor-field-type-text elementor-field-group elementor-column elementor-field-group-name elementor-col-100\">\n\t\t\t\t\t\t\t\t\t\t\t\t<label for=\"form-field-name\" class=\"elementor-field-label\">\n\t\t\t\t\t\t\t\tName\t\t\t\t\t\t\t<\/label>\n\t\t\t\t\t\t\t\t\t\t\t\t\t\t<input size=\"1\" type=\"text\" name=\"form_fields[name]\" id=\"form-field-name\" class=\"elementor-field elementor-size-sm  elementor-field-textual\" placeholder=\"Name\">\n\t\t\t\t\t\t\t\t\t\t\t<\/div>\n\t\t\t\t\t\t\t\t<div class=\"elementor-field-type-step elementor-field-group elementor-column elementor-field-group-field_5e4395d elementor-col-100\">\n\t\t\t\t\t\t\t<div class=\"e-field-step elementor-hidden\" data-label=\"Step\" data-previousButton=\"\" data-nextButton=\"Send\" data-iconUrl=\"\" data-iconLibrary=\"fas fa-star\" data-icon=\"&lt;svg class=&quot;e-font-icon-svg e-fas-star&quot; viewBox=&quot;0 0 576 512&quot; xmlns=&quot;http:\/\/www.w3.org\/2000\/svg&quot;&gt;&lt;path d=&quot;M259.3 17.8L194 150.2 47.9 171.5c-26.2 3.8-36.7 36.1-17.7 54.6l105.7 103-25 145.5c-4.5 26.3 23.2 46 46.4 33.7L288 439.6l130.7 68.7c23.2 12.2 50.9-7.4 46.4-33.7l-25-145.5 105.7-103c19-18.5 8.5-50.8-17.7-54.6L382 150.2 316.7 17.8c-11.7-23.6-45.6-23.9-57.4 0z&quot;&gt;&lt;\/path&gt;&lt;\/svg&gt;\" ><\/div>\n\n\t\t\t\t\t\t<\/div>\n\t\t\t\t\t\t\t\t<div class=\"elementor-field-type-email elementor-field-group elementor-column elementor-field-group-email elementor-col-100 elementor-field-required elementor-mark-required\">\n\t\t\t\t\t\t\t\t\t\t\t\t<label for=\"form-field-email\" class=\"elementor-field-label\">\n\t\t\t\t\t\t\t\tEmail\t\t\t\t\t\t\t<\/label>\n\t\t\t\t\t\t\t\t\t\t\t\t\t\t<input size=\"1\" type=\"email\" name=\"form_fields[email]\" id=\"form-field-email\" class=\"elementor-field elementor-size-sm  elementor-field-textual\" placeholder=\"Email\" required=\"required\">\n\t\t\t\t\t\t\t\t\t\t\t<\/div>\n\t\t\t\t\t\t\t\t<div class=\"elementor-field-type-text\">\n\t\t\t\t\t<input size=\"1\" type=\"text\" name=\"form_fields[field_2d795ee]\" id=\"form-field-field_2d795ee\" class=\"elementor-field elementor-size-sm \" style=\"display:none !important;\">\t\t\t\t<\/div>\n\t\t\t\t\t\t\t\t<div class=\"elementor-field-group elementor-column elementor-field-type-submit elementor-col-100 e-form__buttons\">\n\t\t\t\t\t<button class=\"elementor-button elementor-size-sm\" type=\"submit\">\n\t\t\t\t\t\t<span class=\"elementor-button-content-wrapper\">\n\t\t\t\t\t\t\t\t\t\t\t\t\t\t\t\t\t\t\t\t\t\t<span class=\"elementor-button-text\">Get a Call back<\/span>\n\t\t\t\t\t\t\t\t\t\t\t\t\t<\/span>\n\t\t\t\t\t<\/button>\n\t\t\t\t<\/div>\n\t\t\t<\/div>\n\t\t<\/form>\n\t\t\t\t\t\t<\/div>\n\t\t\t\t\t<\/div>\n\t\t\t\t<\/div>\n\t\t\t\t<\/div>\n\t\t","protected":false},"excerpt":{"rendered":"<p>Demander \u00e0 \u00eatre rappel\u00e9 par notre agent AI<\/p>","protected":false},"author":1,"featured_media":0,"parent":0,"menu_order":0,"comment_status":"closed","ping_status":"closed","template":"elementor_header_footer","meta":{"_acf_changed":false,"_eb_attr":"","content-type":"","footnotes":""},"class_list":["post-2557","page","type-page","status-publish","hentry"],"acf":[],"yoast_head":"<!-- This site is optimized with the Yoast SEO plugin v27.5 - https:\/\/yoast.com\/product\/yoast-seo-wordpress\/ -->\n<title>Request an inbound Call back from our AI Agent David - HUB.OCTO360<\/title>\n<meta name=\"robots\" content=\"index, follow, max-snippet:-1, max-image-preview:large, max-video-preview:-1\" \/>\n<link rel=\"canonical\" href=\"https:\/\/hub.octo360.agency\/fr\/demander-a-etre-rappele-par-notre-agent-david\/\" \/>\n<meta property=\"og:locale\" content=\"fr_FR\" \/>\n<meta property=\"og:type\" content=\"article\" \/>\n<meta property=\"og:title\" content=\"Request an inbound Call back from our AI Agent David - HUB.OCTO360\" \/>\n<meta property=\"og:description\" content=\"Request a Call back from our AI Agent\" \/>\n<meta property=\"og:url\" content=\"https:\/\/hub.octo360.agency\/fr\/demander-a-etre-rappele-par-notre-agent-david\/\" \/>\n<meta property=\"og:site_name\" content=\"HUB.OCTO360\" \/>\n<meta property=\"article:modified_time\" content=\"2025-11-24T08:44:23+00:00\" \/>\n<meta property=\"og:image\" content=\"https:\/\/hub.octo360.agency\/wp-content\/uploads\/2025\/03\/Captura-de-Pantalla-2025-06-03-a-las-13.13.40-1.webp\" \/>\n\t<meta property=\"og:image:width\" content=\"503\" \/>\n\t<meta property=\"og:image:height\" content=\"114\" \/>\n\t<meta property=\"og:image:type\" content=\"image\/webp\" \/>\n<meta name=\"twitter:card\" content=\"summary_large_image\" \/>\n<meta name=\"twitter:label1\" content=\"Dur\u00e9e de lecture estim\u00e9e\" \/>\n\t<meta name=\"twitter:data1\" content=\"3 minutes\" \/>\n<script type=\"application\/ld+json\" class=\"yoast-schema-graph\">{\"@context\":\"https:\\\/\\\/schema.org\",\"@graph\":[{\"@type\":\"WebPage\",\"@id\":\"https:\\\/\\\/hub.octo360.agency\\\/request-an-inbound-call-back-from-our-ai-agent-david\\\/\",\"url\":\"https:\\\/\\\/hub.octo360.agency\\\/request-an-inbound-call-back-from-our-ai-agent-david\\\/\",\"name\":\"Request an inbound Call back from our AI Agent David - HUB.OCTO360\",\"isPartOf\":{\"@id\":\"https:\\\/\\\/hub.octo360.agency\\\/#website\"},\"datePublished\":\"2025-08-13T21:08:29+00:00\",\"dateModified\":\"2025-11-24T08:44:23+00:00\",\"breadcrumb\":{\"@id\":\"https:\\\/\\\/hub.octo360.agency\\\/request-an-inbound-call-back-from-our-ai-agent-david\\\/#breadcrumb\"},\"inLanguage\":\"fr-FR\",\"potentialAction\":[{\"@type\":\"ReadAction\",\"target\":[\"https:\\\/\\\/hub.octo360.agency\\\/request-an-inbound-call-back-from-our-ai-agent-david\\\/\"]}]},{\"@type\":\"BreadcrumbList\",\"@id\":\"https:\\\/\\\/hub.octo360.agency\\\/request-an-inbound-call-back-from-our-ai-agent-david\\\/#breadcrumb\",\"itemListElement\":[{\"@type\":\"ListItem\",\"position\":1,\"name\":\"Home\",\"item\":\"https:\\\/\\\/hub.octo360.agency\\\/\"},{\"@type\":\"ListItem\",\"position\":2,\"name\":\"Request an inbound Call back from our AI Agent David\"}]},{\"@type\":\"WebSite\",\"@id\":\"https:\\\/\\\/hub.octo360.agency\\\/#website\",\"url\":\"https:\\\/\\\/hub.octo360.agency\\\/\",\"name\":\"HUB.Octo360\",\"description\":\"\",\"publisher\":{\"@id\":\"https:\\\/\\\/hub.octo360.agency\\\/#organization\"},\"potentialAction\":[{\"@type\":\"SearchAction\",\"target\":{\"@type\":\"EntryPoint\",\"urlTemplate\":\"https:\\\/\\\/hub.octo360.agency\\\/?s={search_term_string}\"},\"query-input\":{\"@type\":\"PropertyValueSpecification\",\"valueRequired\":true,\"valueName\":\"search_term_string\"}}],\"inLanguage\":\"fr-FR\"},{\"@type\":\"Organization\",\"@id\":\"https:\\\/\\\/hub.octo360.agency\\\/#organization\",\"name\":\"HUB.Octo360\",\"alternateName\":\"Octo360\",\"url\":\"https:\\\/\\\/hub.octo360.agency\\\/\",\"logo\":{\"@type\":\"ImageObject\",\"inLanguage\":\"fr-FR\",\"@id\":\"https:\\\/\\\/hub.octo360.agency\\\/#\\\/schema\\\/logo\\\/image\\\/\",\"url\":\"https:\\\/\\\/hub.octo360.agency\\\/wp-content\\\/uploads\\\/2025\\\/03\\\/Captura-de-Pantalla-2025-06-03-a-las-13.13.40-1.webp\",\"contentUrl\":\"https:\\\/\\\/hub.octo360.agency\\\/wp-content\\\/uploads\\\/2025\\\/03\\\/Captura-de-Pantalla-2025-06-03-a-las-13.13.40-1.webp\",\"width\":503,\"height\":114,\"caption\":\"HUB.Octo360\"},\"image\":{\"@id\":\"https:\\\/\\\/hub.octo360.agency\\\/#\\\/schema\\\/logo\\\/image\\\/\"},\"sameAs\":[\"https:\\\/\\\/www.linkedin.com\\\/company\\\/cool-digitalmarketing-octo\\\/\"]}]}<\/script>\n<!-- \/ Yoast SEO plugin. -->","yoast_head_json":{"title":"Demander un rappel entrant \u00e0 notre agent IA David - HUB.OCTO360","robots":{"index":"index","follow":"follow","max-snippet":"max-snippet:-1","max-image-preview":"max-image-preview:large","max-video-preview":"max-video-preview:-1"},"canonical":"https:\/\/hub.octo360.agency\/fr\/demander-a-etre-rappele-par-notre-agent-david\/","og_locale":"fr_FR","og_type":"article","og_title":"Request an inbound Call back from our AI Agent David - HUB.OCTO360","og_description":"Request a Call back from our AI Agent","og_url":"https:\/\/hub.octo360.agency\/fr\/demander-a-etre-rappele-par-notre-agent-david\/","og_site_name":"HUB.OCTO360","article_modified_time":"2025-11-24T08:44:23+00:00","og_image":[{"width":503,"height":114,"url":"https:\/\/hub.octo360.agency\/wp-content\/uploads\/2025\/03\/Captura-de-Pantalla-2025-06-03-a-las-13.13.40-1.webp","type":"image\/webp"}],"twitter_card":"summary_large_image","twitter_misc":{"Dur\u00e9e de lecture estim\u00e9e":"3 minutes"},"schema":{"@context":"https:\/\/schema.org","@graph":[{"@type":"WebPage","@id":"https:\/\/hub.octo360.agency\/request-an-inbound-call-back-from-our-ai-agent-david\/","url":"https:\/\/hub.octo360.agency\/request-an-inbound-call-back-from-our-ai-agent-david\/","name":"Demander un rappel entrant \u00e0 notre agent IA David - HUB.OCTO360","isPartOf":{"@id":"https:\/\/hub.octo360.agency\/#website"},"datePublished":"2025-08-13T21:08:29+00:00","dateModified":"2025-11-24T08:44:23+00:00","breadcrumb":{"@id":"https:\/\/hub.octo360.agency\/request-an-inbound-call-back-from-our-ai-agent-david\/#breadcrumb"},"inLanguage":"fr-FR","potentialAction":[{"@type":"ReadAction","target":["https:\/\/hub.octo360.agency\/request-an-inbound-call-back-from-our-ai-agent-david\/"]}]},{"@type":"BreadcrumbList","@id":"https:\/\/hub.octo360.agency\/request-an-inbound-call-back-from-our-ai-agent-david\/#breadcrumb","itemListElement":[{"@type":"ListItem","position":1,"name":"Home","item":"https:\/\/hub.octo360.agency\/"},{"@type":"ListItem","position":2,"name":"Request an inbound Call back from our AI Agent David"}]},{"@type":"WebSite","@id":"https:\/\/hub.octo360.agency\/#website","url":"https:\/\/hub.octo360.agency\/","name":"HUB.Octo360","description":"","publisher":{"@id":"https:\/\/hub.octo360.agency\/#organization"},"potentialAction":[{"@type":"SearchAction","target":{"@type":"EntryPoint","urlTemplate":"https:\/\/hub.octo360.agency\/?s={search_term_string}"},"query-input":{"@type":"PropertyValueSpecification","valueRequired":true,"valueName":"search_term_string"}}],"inLanguage":"fr-FR"},{"@type":"Organization","@id":"https:\/\/hub.octo360.agency\/#organization","name":"HUB.Octo360","alternateName":"Octo360","url":"https:\/\/hub.octo360.agency\/","logo":{"@type":"ImageObject","inLanguage":"fr-FR","@id":"https:\/\/hub.octo360.agency\/#\/schema\/logo\/image\/","url":"https:\/\/hub.octo360.agency\/wp-content\/uploads\/2025\/03\/Captura-de-Pantalla-2025-06-03-a-las-13.13.40-1.webp","contentUrl":"https:\/\/hub.octo360.agency\/wp-content\/uploads\/2025\/03\/Captura-de-Pantalla-2025-06-03-a-las-13.13.40-1.webp","width":503,"height":114,"caption":"HUB.Octo360"},"image":{"@id":"https:\/\/hub.octo360.agency\/#\/schema\/logo\/image\/"},"sameAs":["https:\/\/www.linkedin.com\/company\/cool-digitalmarketing-octo\/"]}]}},"_links":{"self":[{"href":"https:\/\/hub.octo360.agency\/fr\/wp-json\/wp\/v2\/pages\/2557","targetHints":{"allow":["GET"]}}],"collection":[{"href":"https:\/\/hub.octo360.agency\/fr\/wp-json\/wp\/v2\/pages"}],"about":[{"href":"https:\/\/hub.octo360.agency\/fr\/wp-json\/wp\/v2\/types\/page"}],"author":[{"embeddable":true,"href":"https:\/\/hub.octo360.agency\/fr\/wp-json\/wp\/v2\/users\/1"}],"replies":[{"embeddable":true,"href":"https:\/\/hub.octo360.agency\/fr\/wp-json\/wp\/v2\/comments?post=2557"}],"version-history":[{"count":31,"href":"https:\/\/hub.octo360.agency\/fr\/wp-json\/wp\/v2\/pages\/2557\/revisions"}],"predecessor-version":[{"id":3315,"href":"https:\/\/hub.octo360.agency\/fr\/wp-json\/wp\/v2\/pages\/2557\/revisions\/3315"}],"wp:attachment":[{"href":"https:\/\/hub.octo360.agency\/fr\/wp-json\/wp\/v2\/media?parent=2557"}],"curies":[{"name":"wp","href":"https:\/\/api.w.org\/{rel}","templated":true}]}}