{"id":3,"date":"2025-03-27T13:15:48","date_gmt":"2025-03-27T13:15:48","guid":{"rendered":"https:\/\/hub.octo360.agency\/?page_id=3"},"modified":"2025-12-20T12:59:19","modified_gmt":"2025-12-20T12:59:19","slug":"politique-de-confidentialite","status":"publish","type":"page","link":"https:\/\/hub.octo360.agency\/fr\/privacy-policy\/","title":{"rendered":"Politique de confidentialit\u00e9"},"content":{"rendered":"<h2 class=\"wp-block-heading\"><\/h2>\n\n\n\n<p>Cette politique de confidentialit\u00e9 d\u00e9crit comment LOCAL SERVICES MARKETING SOLUTIONS SL (\u201cOCTO360\u201d, \u201cnous\u201d, \u201cnotre\u201d, ou \u201cnos\u201d) collecte, utilise et prot\u00e8ge les donn\u00e9es personnelles \u00e0 travers le site https:\/\/hub.octo360.agency (le \u201cSite\u201d).<br>Nous nous engageons \u00e0 prot\u00e9ger votre vie priv\u00e9e et \u00e0 traiter vos donn\u00e9es \u00e0 caract\u00e8re personnel de mani\u00e8re transparente, l\u00e9gale et s\u00fbre, conform\u00e9ment \u00e0 la <strong>R\u00e8glement g\u00e9n\u00e9ral sur la protection des donn\u00e9es (UE) 2016\/679 (\u201cRGPD\u201d)<\/strong> et les lois applicables en mati\u00e8re de protection des donn\u00e9es.<\/p>\n\n\n\n<hr class=\"wp-block-separator has-alpha-channel-opacity\"\/>\n\n\n\n<h2 class=\"wp-block-heading\">1. Contr\u00f4leur de donn\u00e9es<\/h2>\n\n\n\n<p><strong>Contr\u00f4leur de donn\u00e9es :<\/strong><br>SERVICES LOCAUX SOLUTIONS MARKETING SL<br>Adresse du si\u00e8ge social : Carrer de Juan de Garay, 48, S-A 2<br>08027 Barcelone<br>Espagne<br>Courriel : <strong><a>info@octo360.agency<\/a><\/strong><br>Site web : <strong><a href=\"https:\/\/hub.octo360.agency\/fr\/\">https:\/\/hub.octo360.agenc<\/a><\/strong><\/p>\n\n\n\n<hr class=\"wp-block-separator has-alpha-channel-opacity\"\/>\n\n\n\n<h2 class=\"wp-block-heading\">2. Donn\u00e9es \u00e0 caract\u00e8re personnel que nous collectons<\/h2>\n\n\n\n<p>Nous pouvons collecter et traiter les cat\u00e9gories de donn\u00e9es \u00e0 caract\u00e8re personnel suivantes :<\/p>\n\n\n\n<h3 class=\"wp-block-heading\">a) Les donn\u00e9es que vous fournissez directement<\/h3>\n\n\n\n<ul class=\"wp-block-list\">\n<li>Nom et pr\u00e9nom<\/li>\n\n\n\n<li>Nom de l'entreprise<\/li>\n\n\n\n<li>Adresse \u00e9lectronique<\/li>\n\n\n\n<li>Num\u00e9ro de t\u00e9l\u00e9phone<\/li>\n\n\n\n<li>Titre du poste<\/li>\n\n\n\n<li>Toute information soumise par le biais de formulaires de contact, de formulaires de g\u00e9n\u00e9ration de leads, de r\u00e9servations ou de communications directes.<\/li>\n<\/ul>\n\n\n\n<h3 class=\"wp-block-heading\">b) Donn\u00e9es collect\u00e9es automatiquement<\/h3>\n\n\n\n<ul class=\"wp-block-list\">\n<li>Adresse IP<\/li>\n\n\n\n<li>Type et version du navigateur<\/li>\n\n\n\n<li>Informations sur l'appareil<\/li>\n\n\n\n<li>Pages visit\u00e9es et interactions<\/li>\n\n\n\n<li>Source de r\u00e9f\u00e9rence<\/li>\n\n\n\n<li>Cookies et technologies de suivi similaires<\/li>\n<\/ul>\n\n\n\n<h3 class=\"wp-block-heading\">c) Donn\u00e9es provenant de tiers<\/h3>\n\n\n\n<ul class=\"wp-block-list\">\n<li>Plates-formes de marketing (par exemple, plates-formes publicitaires, outils de gestion de la relation client)<\/li>\n\n\n\n<li>Informations commerciales accessibles au public<\/li>\n\n\n\n<li>Outils d'enrichissement du plomb, lorsque la loi l'autorise<\/li>\n<\/ul>\n\n\n\n<hr class=\"wp-block-separator has-alpha-channel-opacity\"\/>\n\n\n\n<h2 class=\"wp-block-heading\">3. Finalit\u00e9s du traitement<\/h2>\n\n\n\n<p>Nous traitons les donn\u00e9es \u00e0 caract\u00e8re personnel aux fins suivantes :<\/p>\n\n\n\n<ul class=\"wp-block-list\">\n<li>Pour r\u00e9pondre aux demandes de renseignements et de contact<\/li>\n\n\n\n<li>Fournir des services de marketing, de conseil, de gestion de la relation client, d'automatisation et des services num\u00e9riques<\/li>\n\n\n\n<li>G\u00e9n\u00e9rer et g\u00e9rer des prospects<\/li>\n\n\n\n<li>Pour organiser des r\u00e9unions, des d\u00e9monstrations ou des consultations<\/li>\n\n\n\n<li>G\u00e9rer les relations avec les clients et les prospects<\/li>\n\n\n\n<li>Am\u00e9liorer les performances du site web et l'exp\u00e9rience de l'utilisateur<\/li>\n\n\n\n<li>Effectuer des analyses et des mesures de performance<\/li>\n\n\n\n<li>Pour envoyer des communications marketing, lorsque le consentement a \u00e9t\u00e9 donn\u00e9<\/li>\n\n\n\n<li>Respecter les obligations l\u00e9gales et contractuelles<\/li>\n<\/ul>\n\n\n\n<hr class=\"wp-block-separator has-alpha-channel-opacity\"\/>\n\n\n\n<h2 class=\"wp-block-heading\">4. Base juridique du traitement<\/h2>\n\n\n\n<p>Nous traitons les donn\u00e9es \u00e0 caract\u00e8re personnel sur la base d'un ou de plusieurs des motifs juridiques suivants :<\/p>\n\n\n\n<ul class=\"wp-block-list\">\n<li><strong>Consentement<\/strong> (Art. 6.1.a GDPR)<\/li>\n\n\n\n<li><strong>Ex\u00e9cution d'un contrat ou mesures pr\u00e9contractuelles<\/strong> (Art. 6.1.b GDPR)<\/li>\n\n\n\n<li><strong>Int\u00e9r\u00eat l\u00e9gitime<\/strong> (Art. 6.1.f GDPR), tels que le d\u00e9veloppement commercial, l'optimisation du marketing et l'am\u00e9lioration du service.<\/li>\n\n\n\n<li><strong>Obligation l\u00e9gale<\/strong> (Art. 6.1.c GDPR)<\/li>\n<\/ul>\n\n\n\n<p>Vous pouvez retirer votre consentement \u00e0 tout moment.<\/p>\n\n\n\n<hr class=\"wp-block-separator has-alpha-channel-opacity\"\/>\n\n\n\n<h2 class=\"wp-block-heading\">5. Communication marketing<\/h2>\n\n\n\n<p>Si vous optez pour cette option, nous pouvons vous envoyer :<\/p>\n\n\n\n<ul class=\"wp-block-list\">\n<li>Courriels de marketing<\/li>\n\n\n\n<li>Bulletins d'information<\/li>\n\n\n\n<li>Invitations \u00e0 des \u00e9v\u00e9nements, d\u00e9monstrations ou webinaires<\/li>\n\n\n\n<li>Informations sur nos services ou nos id\u00e9es<\/li>\n<\/ul>\n\n\n\n<p>Vous pouvez vous d\u00e9sinscrire \u00e0 tout moment en cliquant sur le lien figurant dans nos courriers \u00e9lectroniques ou en nous contactant \u00e0 l'adresse suivante <strong><a href=\"\/fr\/info@octo360.agency\/\">info@octo360.agency<\/a><\/strong>.<\/p>\n\n\n\n<hr class=\"wp-block-separator has-alpha-channel-opacity\"\/>\n\n\n\n<h2 class=\"wp-block-heading\">6. Cookies et technologies de suivi<\/h2>\n\n\n\n<p>Nous utilisons des cookies et des technologies similaires pour :<\/p>\n\n\n\n<ul class=\"wp-block-list\">\n<li>Assurer le bon fonctionnement du site web<\/li>\n\n\n\n<li>Analyser le trafic et les performances<\/li>\n\n\n\n<li>Am\u00e9liorer l'exp\u00e9rience des utilisateurs<\/li>\n\n\n\n<li>Soutenir les activit\u00e9s de marketing et de publicit\u00e9<\/li>\n<\/ul>\n\n\n\n<p>Vous pouvez g\u00e9rer ou retirer votre consentement \u00e0 l'utilisation des cookies \u00e0 tout moment par le biais de notre banni\u00e8re de cookies ou des param\u00e8tres de votre navigateur.<\/p>\n\n\n\n<p>Pour plus de d\u00e9tails, veuillez consulter notre <strong>Politique en mati\u00e8re de cookies<\/strong>.<\/p>\n\n\n\n<hr class=\"wp-block-separator has-alpha-channel-opacity\"\/>\n\n\n\n<h2 class=\"wp-block-heading\">7. Partage des donn\u00e9es et sous-traitants<\/h2>\n\n\n\n<p>Nous pouvons partager des donn\u00e9es \u00e0 caract\u00e8re personnel avec des sous-traitants tiers de confiance, strictement \u00e0 des fins op\u00e9rationnelles, y compris :<\/p>\n\n\n\n<ul class=\"wp-block-list\">\n<li>Plateformes de gestion de la relation client (CRM) et d'automatisation du marketing<\/li>\n\n\n\n<li>Fournisseurs d'analyses<\/li>\n\n\n\n<li>Plates-formes publicitaires<\/li>\n\n\n\n<li>H\u00e9bergement en nuage et fournisseurs de services informatiques<\/li>\n\n\n\n<li>Outils de r\u00e9servation et de planification<\/li>\n<\/ul>\n\n\n\n<p>Tous les sous-traitants sont contractuellement tenus de se conformer au GDPR et de traiter les donn\u00e9es uniquement sur nos instructions.<\/p>\n\n\n\n<p>Nous le faisons <strong>ne pas vendre de donn\u00e9es \u00e0 caract\u00e8re personnel<\/strong>.<\/p>\n\n\n\n<hr class=\"wp-block-separator has-alpha-channel-opacity\"\/>\n\n\n\n<h2 class=\"wp-block-heading\">8. Transferts internationaux de donn\u00e9es<\/h2>\n\n\n\n<p>Lorsque des donn\u00e9es \u00e0 caract\u00e8re personnel sont transf\u00e9r\u00e9es en dehors de l'Espace \u00e9conomique europ\u00e9en (EEE), nous veillons \u00e0 ce que des garanties appropri\u00e9es soient mises en place, par exemple :<\/p>\n\n\n\n<ul class=\"wp-block-list\">\n<li>Clauses contractuelles types (CCN)<\/li>\n\n\n\n<li>D\u00e9cisions d'ad\u00e9quation de la Commission europ\u00e9enne<\/li>\n\n\n\n<li>Protections juridiques \u00e9quivalentes<\/li>\n<\/ul>\n\n\n\n<hr class=\"wp-block-separator has-alpha-channel-opacity\"\/>\n\n\n\n<h2 class=\"wp-block-heading\">9. Conservation des donn\u00e9es<\/h2>\n\n\n\n<p>Nous ne conservons les donn\u00e9es \u00e0 caract\u00e8re personnel que pendant la dur\u00e9e n\u00e9cessaire \u00e0 la r\u00e9alisation des objectifs d\u00e9crits dans la pr\u00e9sente politique, \u00e0 moins qu'une p\u00e9riode de conservation plus longue ne soit requise ou autoris\u00e9e par la loi.<\/p>\n\n\n\n<p>Les crit\u00e8res utilis\u00e9s pour d\u00e9terminer la r\u00e9tention sont les suivants<\/p>\n\n\n\n<ul class=\"wp-block-list\">\n<li>Nature des donn\u00e9es<\/li>\n\n\n\n<li>Finalit\u00e9 du traitement<\/li>\n\n\n\n<li>Exigences l\u00e9gales et contractuelles<\/li>\n<\/ul>\n\n\n\n<hr class=\"wp-block-separator has-alpha-channel-opacity\"\/>\n\n\n\n<h2 class=\"wp-block-heading\">10. S\u00e9curit\u00e9 des donn\u00e9es<\/h2>\n\n\n\n<p>Nous mettons en \u0153uvre des <strong>mesures de s\u00e9curit\u00e9 techniques et organisationnelles<\/strong> prot\u00e9ger les donn\u00e9es \u00e0 caract\u00e8re personnel contre l'acc\u00e8s non autoris\u00e9, la perte, l'alt\u00e9ration ou la divulgation.<\/p>\n\n\n\n<p>Toutefois, aucun syst\u00e8me ne peut \u00eatre garanti comme \u00e9tant 100% s\u00fbr.<\/p>\n\n\n\n<hr class=\"wp-block-separator has-alpha-channel-opacity\"\/>\n\n\n\n<h2 class=\"wp-block-heading\">11. Vos droits<\/h2>\n\n\n\n<p>En vertu du GDPR, vous avez le droit de :<\/p>\n\n\n\n<ul class=\"wp-block-list\">\n<li>Acc\u00e9der \u00e0 vos donn\u00e9es personnelles<\/li>\n\n\n\n<li>Rectifier des donn\u00e9es inexactes ou incompl\u00e8tes<\/li>\n\n\n\n<li>Demander l'effacement (\u201cdroit \u00e0 l'oubli\u201d)<\/li>\n\n\n\n<li>Restreindre le traitement<\/li>\n\n\n\n<li>Objection au traitement<\/li>\n\n\n\n<li>Portabilit\u00e9 des donn\u00e9es<\/li>\n\n\n\n<li>Retirer son consentement \u00e0 tout moment<\/li>\n\n\n\n<li>D\u00e9poser une plainte aupr\u00e8s d'une autorit\u00e9 de contr\u00f4le<\/li>\n<\/ul>\n\n\n\n<p>Pour exercer vos droits, contactez <strong><a href=\"\/fr\/info@octo360.agency\/\">info@octo360.agency<\/a><\/strong><\/p>\n\n\n\n<hr class=\"wp-block-separator has-alpha-channel-opacity\"\/>\n\n\n\n<h2 class=\"wp-block-heading\">12. Liens avec des tiers<\/h2>\n\n\n\n<p>Notre site web peut contenir des liens vers des sites web de tiers. Nous ne sommes pas responsables de leurs pratiques en mati\u00e8re de protection de la vie priv\u00e9e ou de leur contenu. Nous vous recommandons de consulter s\u00e9par\u00e9ment leurs politiques de confidentialit\u00e9.<\/p>\n\n\n\n<hr class=\"wp-block-separator has-alpha-channel-opacity\"\/>\n\n\n\n<h2 class=\"wp-block-heading\">13. Modifications de la pr\u00e9sente politique de protection de la vie priv\u00e9e<\/h2>\n\n\n\n<p>Nous pouvons mettre \u00e0 jour la pr\u00e9sente politique de confidentialit\u00e9 de temps \u00e0 autre. Toute modification sera publi\u00e9e sur cette page avec une date de \u201cderni\u00e8re mise \u00e0 jour\u201d.<\/p>\n\n\n\n<p>Nous vous encourageons \u00e0 consulter r\u00e9guli\u00e8rement la pr\u00e9sente politique.<\/p>\n\n\n\n<hr class=\"wp-block-separator has-alpha-channel-opacity\"\/>\n\n\n\n<h2 class=\"wp-block-heading\">14. Contact<\/h2>\n\n\n\n<p>Si vous avez des questions sur la pr\u00e9sente politique de confidentialit\u00e9 ou sur nos pratiques en mati\u00e8re de donn\u00e9es, contactez-nous \u00e0 l'adresse suivante<\/p>\n\n\n\n<p>\ud83d\udce7 <strong><a href=\"\/fr\/info@octo360.agency\/\">info@octo360.agency<\/a><\/strong><\/p>\n\n\n\n<p><\/p>","protected":false},"excerpt":{"rendered":"<p>This Privacy Policy describes how LOCAL SERVICES MARKETING SOLUTIONS SL (\u201cOCTO360\u201d, \u201cwe\u201d, \u201cus\u201d, or \u201cour\u201d) collects, uses, and protects personal data through the website https:\/\/hub.octo360.agency (the \u201cWebsite\u201d).We are committed to protecting your privacy and processing your personal data in a transparent, lawful, and secure manner, in accordance with the General Data Protection Regulation (EU) 2016\/679 [&hellip;]<\/p>\n","protected":false},"author":1,"featured_media":0,"parent":0,"menu_order":0,"comment_status":"closed","ping_status":"open","template":"","meta":{"_acf_changed":false,"_eb_attr":"","content-type":"","footnotes":""},"class_list":["post-3","page","type-page","status-publish","hentry"],"acf":[],"yoast_head":"<!-- This site is optimized with the Yoast SEO plugin v27.5 - https:\/\/yoast.com\/product\/yoast-seo-wordpress\/ -->\n<title>Privacy Policy - HUB.OCTO360<\/title>\n<meta name=\"robots\" content=\"index, follow, max-snippet:-1, max-image-preview:large, max-video-preview:-1\" \/>\n<link rel=\"canonical\" href=\"https:\/\/hub.octo360.agency\/fr\/politique-de-confidentialite\/\" \/>\n<meta property=\"og:locale\" content=\"fr_FR\" \/>\n<meta property=\"og:type\" content=\"article\" \/>\n<meta property=\"og:title\" content=\"Privacy Policy - HUB.OCTO360\" \/>\n<meta property=\"og:description\" content=\"This Privacy Policy describes how LOCAL SERVICES MARKETING SOLUTIONS SL (\u201cOCTO360\u201d, \u201cwe\u201d, \u201cus\u201d, or \u201cour\u201d) collects, uses, and protects personal data through the website https:\/\/hub.octo360.agency (the \u201cWebsite\u201d).We are committed to protecting your privacy and processing your personal data in a transparent, lawful, and secure manner, in accordance with the General Data Protection Regulation (EU) 2016\/679 [&hellip;]\" \/>\n<meta property=\"og:url\" content=\"https:\/\/hub.octo360.agency\/fr\/politique-de-confidentialite\/\" \/>\n<meta property=\"og:site_name\" content=\"HUB.OCTO360\" \/>\n<meta property=\"article:modified_time\" content=\"2025-12-20T12:59:19+00:00\" \/>\n<meta property=\"og:image\" content=\"https:\/\/hub.octo360.agency\/wp-content\/uploads\/2025\/03\/Captura-de-Pantalla-2025-06-03-a-las-13.13.40-1.webp\" \/>\n\t<meta property=\"og:image:width\" content=\"503\" \/>\n\t<meta property=\"og:image:height\" content=\"114\" \/>\n\t<meta property=\"og:image:type\" content=\"image\/webp\" \/>\n<meta name=\"twitter:card\" content=\"summary_large_image\" \/>\n<meta name=\"twitter:label1\" content=\"Dur\u00e9e de lecture estim\u00e9e\" \/>\n\t<meta name=\"twitter:data1\" content=\"4 minutes\" \/>\n<script type=\"application\/ld+json\" class=\"yoast-schema-graph\">{\"@context\":\"https:\\\/\\\/schema.org\",\"@graph\":[{\"@type\":\"WebPage\",\"@id\":\"https:\\\/\\\/hub.octo360.agency\\\/privacy-policy\\\/\",\"url\":\"https:\\\/\\\/hub.octo360.agency\\\/privacy-policy\\\/\",\"name\":\"Privacy Policy - HUB.OCTO360\",\"isPartOf\":{\"@id\":\"https:\\\/\\\/hub.octo360.agency\\\/#website\"},\"datePublished\":\"2025-03-27T13:15:48+00:00\",\"dateModified\":\"2025-12-20T12:59:19+00:00\",\"breadcrumb\":{\"@id\":\"https:\\\/\\\/hub.octo360.agency\\\/privacy-policy\\\/#breadcrumb\"},\"inLanguage\":\"fr-FR\",\"potentialAction\":[{\"@type\":\"ReadAction\",\"target\":[\"https:\\\/\\\/hub.octo360.agency\\\/privacy-policy\\\/\"]}]},{\"@type\":\"BreadcrumbList\",\"@id\":\"https:\\\/\\\/hub.octo360.agency\\\/privacy-policy\\\/#breadcrumb\",\"itemListElement\":[{\"@type\":\"ListItem\",\"position\":1,\"name\":\"Home\",\"item\":\"https:\\\/\\\/hub.octo360.agency\\\/\"},{\"@type\":\"ListItem\",\"position\":2,\"name\":\"Privacy Policy\"}]},{\"@type\":\"WebSite\",\"@id\":\"https:\\\/\\\/hub.octo360.agency\\\/#website\",\"url\":\"https:\\\/\\\/hub.octo360.agency\\\/\",\"name\":\"HUB.Octo360\",\"description\":\"\",\"publisher\":{\"@id\":\"https:\\\/\\\/hub.octo360.agency\\\/#organization\"},\"potentialAction\":[{\"@type\":\"SearchAction\",\"target\":{\"@type\":\"EntryPoint\",\"urlTemplate\":\"https:\\\/\\\/hub.octo360.agency\\\/?s={search_term_string}\"},\"query-input\":{\"@type\":\"PropertyValueSpecification\",\"valueRequired\":true,\"valueName\":\"search_term_string\"}}],\"inLanguage\":\"fr-FR\"},{\"@type\":\"Organization\",\"@id\":\"https:\\\/\\\/hub.octo360.agency\\\/#organization\",\"name\":\"HUB.Octo360\",\"alternateName\":\"Octo360\",\"url\":\"https:\\\/\\\/hub.octo360.agency\\\/\",\"logo\":{\"@type\":\"ImageObject\",\"inLanguage\":\"fr-FR\",\"@id\":\"https:\\\/\\\/hub.octo360.agency\\\/#\\\/schema\\\/logo\\\/image\\\/\",\"url\":\"https:\\\/\\\/hub.octo360.agency\\\/wp-content\\\/uploads\\\/2025\\\/03\\\/Captura-de-Pantalla-2025-06-03-a-las-13.13.40-1.webp\",\"contentUrl\":\"https:\\\/\\\/hub.octo360.agency\\\/wp-content\\\/uploads\\\/2025\\\/03\\\/Captura-de-Pantalla-2025-06-03-a-las-13.13.40-1.webp\",\"width\":503,\"height\":114,\"caption\":\"HUB.Octo360\"},\"image\":{\"@id\":\"https:\\\/\\\/hub.octo360.agency\\\/#\\\/schema\\\/logo\\\/image\\\/\"},\"sameAs\":[\"https:\\\/\\\/www.linkedin.com\\\/company\\\/cool-digitalmarketing-octo\\\/\"]}]}<\/script>\n<!-- \/ Yoast SEO plugin. -->","yoast_head_json":{"title":"Politique de confidentialit\u00e9 - HUB.OCTO360","robots":{"index":"index","follow":"follow","max-snippet":"max-snippet:-1","max-image-preview":"max-image-preview:large","max-video-preview":"max-video-preview:-1"},"canonical":"https:\/\/hub.octo360.agency\/fr\/politique-de-confidentialite\/","og_locale":"fr_FR","og_type":"article","og_title":"Privacy Policy - HUB.OCTO360","og_description":"This Privacy Policy describes how LOCAL SERVICES MARKETING SOLUTIONS SL (\u201cOCTO360\u201d, \u201cwe\u201d, \u201cus\u201d, or \u201cour\u201d) collects, uses, and protects personal data through the website https:\/\/hub.octo360.agency (the \u201cWebsite\u201d).We are committed to protecting your privacy and processing your personal data in a transparent, lawful, and secure manner, in accordance with the General Data Protection Regulation (EU) 2016\/679 [&hellip;]","og_url":"https:\/\/hub.octo360.agency\/fr\/politique-de-confidentialite\/","og_site_name":"HUB.OCTO360","article_modified_time":"2025-12-20T12:59:19+00:00","og_image":[{"width":503,"height":114,"url":"https:\/\/hub.octo360.agency\/wp-content\/uploads\/2025\/03\/Captura-de-Pantalla-2025-06-03-a-las-13.13.40-1.webp","type":"image\/webp"}],"twitter_card":"summary_large_image","twitter_misc":{"Dur\u00e9e de lecture estim\u00e9e":"4 minutes"},"schema":{"@context":"https:\/\/schema.org","@graph":[{"@type":"WebPage","@id":"https:\/\/hub.octo360.agency\/privacy-policy\/","url":"https:\/\/hub.octo360.agency\/privacy-policy\/","name":"Politique de confidentialit\u00e9 - HUB.OCTO360","isPartOf":{"@id":"https:\/\/hub.octo360.agency\/#website"},"datePublished":"2025-03-27T13:15:48+00:00","dateModified":"2025-12-20T12:59:19+00:00","breadcrumb":{"@id":"https:\/\/hub.octo360.agency\/privacy-policy\/#breadcrumb"},"inLanguage":"fr-FR","potentialAction":[{"@type":"ReadAction","target":["https:\/\/hub.octo360.agency\/privacy-policy\/"]}]},{"@type":"BreadcrumbList","@id":"https:\/\/hub.octo360.agency\/privacy-policy\/#breadcrumb","itemListElement":[{"@type":"ListItem","position":1,"name":"Home","item":"https:\/\/hub.octo360.agency\/"},{"@type":"ListItem","position":2,"name":"Privacy Policy"}]},{"@type":"WebSite","@id":"https:\/\/hub.octo360.agency\/#website","url":"https:\/\/hub.octo360.agency\/","name":"HUB.Octo360","description":"","publisher":{"@id":"https:\/\/hub.octo360.agency\/#organization"},"potentialAction":[{"@type":"SearchAction","target":{"@type":"EntryPoint","urlTemplate":"https:\/\/hub.octo360.agency\/?s={search_term_string}"},"query-input":{"@type":"PropertyValueSpecification","valueRequired":true,"valueName":"search_term_string"}}],"inLanguage":"fr-FR"},{"@type":"Organization","@id":"https:\/\/hub.octo360.agency\/#organization","name":"HUB.Octo360","alternateName":"Octo360","url":"https:\/\/hub.octo360.agency\/","logo":{"@type":"ImageObject","inLanguage":"fr-FR","@id":"https:\/\/hub.octo360.agency\/#\/schema\/logo\/image\/","url":"https:\/\/hub.octo360.agency\/wp-content\/uploads\/2025\/03\/Captura-de-Pantalla-2025-06-03-a-las-13.13.40-1.webp","contentUrl":"https:\/\/hub.octo360.agency\/wp-content\/uploads\/2025\/03\/Captura-de-Pantalla-2025-06-03-a-las-13.13.40-1.webp","width":503,"height":114,"caption":"HUB.Octo360"},"image":{"@id":"https:\/\/hub.octo360.agency\/#\/schema\/logo\/image\/"},"sameAs":["https:\/\/www.linkedin.com\/company\/cool-digitalmarketing-octo\/"]}]}},"_links":{"self":[{"href":"https:\/\/hub.octo360.agency\/fr\/wp-json\/wp\/v2\/pages\/3","targetHints":{"allow":["GET"]}}],"collection":[{"href":"https:\/\/hub.octo360.agency\/fr\/wp-json\/wp\/v2\/pages"}],"about":[{"href":"https:\/\/hub.octo360.agency\/fr\/wp-json\/wp\/v2\/types\/page"}],"author":[{"embeddable":true,"href":"https:\/\/hub.octo360.agency\/fr\/wp-json\/wp\/v2\/users\/1"}],"replies":[{"embeddable":true,"href":"https:\/\/hub.octo360.agency\/fr\/wp-json\/wp\/v2\/comments?post=3"}],"version-history":[{"count":3,"href":"https:\/\/hub.octo360.agency\/fr\/wp-json\/wp\/v2\/pages\/3\/revisions"}],"predecessor-version":[{"id":3331,"href":"https:\/\/hub.octo360.agency\/fr\/wp-json\/wp\/v2\/pages\/3\/revisions\/3331"}],"wp:attachment":[{"href":"https:\/\/hub.octo360.agency\/fr\/wp-json\/wp\/v2\/media?parent=3"}],"curies":[{"name":"wp","href":"https:\/\/api.w.org\/{rel}","templated":true}]}}